{"id":36,"date":"2025-12-27T08:15:59","date_gmt":"2025-12-27T07:15:59","guid":{"rendered":"https:\/\/ttwirth.de\/services\/"},"modified":"2025-12-27T08:17:12","modified_gmt":"2025-12-27T07:17:12","slug":"services","status":"publish","type":"page","link":"https:\/\/ttwirth.de\/?page_id=36","title":{"rendered":"Services"},"content":{"rendered":"\n<div class=\"wp-block-uagb-container uagb-block-9ed5e6d4 alignfull uagb-is-root-container\"><div class=\"uagb-container-inner-blocks-wrap\">\n<div class=\"wp-block-uagb-info-box uagb-block-d5b134cc uagb-infobox__content-wrap  uagb-infobox-icon-above-title uagb-infobox-image-valign-top\"><div class=\"uagb-ifb-content\"><div class=\"uagb-ifb-title-wrap\"><span class=\"uagb-ifb-title-prefix\">Entdecke die Welt<\/span><h1 class=\"uagb-ifb-title\">Einblicke in die Beatles-Kultur<\/h1><\/div><\/div><\/div>\n<\/div><\/div>\n\n\n\n<div class=\"wp-block-uagb-container uagb-block-48009aef alignfull uagb-is-root-container\"><div class=\"uagb-container-inner-blocks-wrap\">\n<div class=\"wp-block-uagb-container uagb-block-5250fd34\">\n<div class=\"wp-block-uagb-container uagb-block-e2a91d97\">\n<div class=\"wp-block-uagb-image alignleft uagb-block-8590ae9a wp-block-uagb-image--layout-default wp-block-uagb-image--effect-static wp-block-uagb-image--align-left\"><figure class=\"wp-block-uagb-image__figure\"><img decoding=\"async\" srcset=\"https:\/\/ttwirth.de\/wp-content\/uploads\/2025\/12\/pexels-photo-21578295.jpeg ,https:\/\/ttwirth.de\/wp-content\/uploads\/2025\/12\/pexels-photo-21578295.jpeg 780w, https:\/\/ttwirth.de\/wp-content\/uploads\/2025\/12\/pexels-photo-21578295.jpeg 360w\" sizes=\"auto, (max-width: 480px) 150px\" src=\"https:\/\/ttwirth.de\/wp-content\/uploads\/2025\/12\/pexels-photo-21578295.jpeg\" alt=\"Bronze statues of a famous band in Liverpool, a notable tourist attraction.\" class=\"uag-image-7\" width=\"600\" height=\"450\" title=\"Services\" loading=\"lazy\" role=\"img\"><\/figure><\/div>\n\n\n\n<div class=\"wp-block-uagb-info-box uagb-block-3c7afed0 uagb-infobox__content-wrap  uagb-infobox-icon-above-title uagb-infobox-image-valign-top\"><div class=\"uagb-ifb-content\"><div class=\"uagb-ifb-title-wrap\"><span class=\"uagb-ifb-title-prefix\">01.<\/span><h2 class=\"uagb-ifb-title\">Musikgeschichte der Beatles<\/h2><\/div><p class=\"uagb-ifb-desc\">Unsere Plattform bietet eine umfassende Analyse der musikalischen Entwicklung der Beatles. Von den fr\u00fchen Tagen in Liverpool bis hin zu ihren legend\u00e4ren Auftritten weltweit, wir decken alle Aspekte ab. Enthusiasten k\u00f6nnen tiefer in die Texte eintauchen, die musikalischen Innovationen erkunden und die verschiedenen Stile kennenlernen, die die Band gepr\u00e4gt haben. Au\u00dferdem bieten wir playbacks und Noten f\u00fcr die Fans, die selbst musizieren m\u00f6chten. Sei Teil unserer wachsenden Gemeinschaft, die die Magie der Beatles immer wieder neu entdeckt.<\/p><\/div><\/div>\n<\/div>\n\n\n\n<div class=\"wp-block-uagb-container uagb-block-39480438\">\n<div class=\"wp-block-uagb-image alignleft uagb-block-c0169bf8 wp-block-uagb-image--layout-default wp-block-uagb-image--effect-static wp-block-uagb-image--align-left\"><figure class=\"wp-block-uagb-image__figure\"><img decoding=\"async\" srcset=\"https:\/\/ttwirth.de\/wp-content\/uploads\/2025\/12\/pexels-photo-341014.jpeg ,https:\/\/ttwirth.de\/wp-content\/uploads\/2025\/12\/pexels-photo-341014.jpeg 780w, https:\/\/ttwirth.de\/wp-content\/uploads\/2025\/12\/pexels-photo-341014.jpeg 360w\" sizes=\"auto, (max-width: 480px) 150px\" src=\"https:\/\/ttwirth.de\/wp-content\/uploads\/2025\/12\/pexels-photo-341014.jpeg\" alt=\"A vintage Beatles poster against a classic brick wall background, emphasizing retro style.\" class=\"uag-image-8\" width=\"600\" height=\"350\" title=\"Services\" loading=\"lazy\" role=\"img\"><\/figure><\/div>\n\n\n\n<div class=\"wp-block-uagb-info-box uagb-block-57760dfc uagb-infobox__content-wrap  uagb-infobox-icon-above-title uagb-infobox-image-valign-top\"><div class=\"uagb-ifb-content\"><div class=\"uagb-ifb-title-wrap\"><span class=\"uagb-ifb-title-prefix\">02.<\/span><h2 class=\"uagb-ifb-title\">Interaktive Fan-Diskussionen<\/h2><\/div><p class=\"uagb-ifb-desc\">Unsere interaktiven Foren und Diskussionsgruppen bringen Fans aus der ganzen Welt zusammen. Hier k\u00f6nnen Sie Ihre Meinungen, Erinnerungen und Analysen \u00fcber bestimmte Songs und Alben austauschen. Wir organiseren regelm\u00e4\u00dfige Themenabende, in denen Fans ihre Lieblingslieder vorstellen und dar\u00fcber diskutieren k\u00f6nnen, was diese f\u00fcr sie bedeuten. Nutzen Sie die Gelegenheit, neue Freundschaften zu schlie\u00dfen und sich mit Gleichgesinnten auszutauschen. Der Austausch von Ideen macht unseren Raum lebendig und einzigartig.<\/p><\/div><\/div>\n<\/div>\n<\/div>\n\n\n\n<div class=\"wp-block-uagb-container uagb-block-58944a93\">\n<div class=\"wp-block-uagb-container uagb-block-62a31330\">\n<div class=\"wp-block-uagb-image alignleft uagb-block-28a63686 wp-block-uagb-image--layout-default wp-block-uagb-image--effect-static wp-block-uagb-image--align-left\"><figure class=\"wp-block-uagb-image__figure\"><img decoding=\"async\" srcset=\"https:\/\/ttwirth.de\/wp-content\/uploads\/2025\/12\/pexels-photo-27068595.jpeg ,https:\/\/ttwirth.de\/wp-content\/uploads\/2025\/12\/pexels-photo-27068595.jpeg 780w, https:\/\/ttwirth.de\/wp-content\/uploads\/2025\/12\/pexels-photo-27068595.jpeg 360w\" sizes=\"auto, (max-width: 480px) 150px\" src=\"https:\/\/ttwirth.de\/wp-content\/uploads\/2025\/12\/pexels-photo-27068595.jpeg\" alt=\"The iconic &#039;Imagine&#039; mosaic in Central Park, a tribute to John Lennon.\" class=\"uag-image-9\" width=\"600\" height=\"350\" title=\"Services\" loading=\"lazy\" role=\"img\"><\/figure><\/div>\n\n\n\n<div class=\"wp-block-uagb-info-box uagb-block-b870fe7d uagb-infobox__content-wrap  uagb-infobox-icon-above-title uagb-infobox-image-valign-top\"><div class=\"uagb-ifb-content\"><div class=\"uagb-ifb-title-wrap\"><span class=\"uagb-ifb-title-prefix\">03.<\/span><h2 class=\"uagb-ifb-title\">W\u00f6chentliche Updates und News<\/h2><\/div><p class=\"uagb-ifb-desc\">Wir halten Sie auf dem Laufenden mit w\u00f6chentlichen News \u00fcber die Beatles. Dies umfasst neue Ver\u00f6ffentlichungen, Analysen von alten Auftritten und interessante Neuigkeiten aus der Welt der Beatles. Unser engagiertes Team recherchiert st\u00e4ndig, um sicherzustellen, dass Sie immer die aktuellsten Informationen erhalten. Egal, ob es um eine Dokumentation, eine Jubil\u00e4umsfeier oder wiederver\u00f6ffentlichtes Material geht, bei uns erfahren Sie es zuerst. Seien Sie Teil unserer Informationszentrale und freuen Sie sich auf spannende Updates!<\/p><\/div><\/div>\n<\/div>\n\n\n\n<div class=\"wp-block-uagb-container uagb-block-a474bc71\">\n<div class=\"wp-block-uagb-image alignleft uagb-block-616a26fd wp-block-uagb-image--layout-default wp-block-uagb-image--effect-static wp-block-uagb-image--align-left\"><figure class=\"wp-block-uagb-image__figure\"><img decoding=\"async\" srcset=\"https:\/\/ttwirth.de\/wp-content\/uploads\/2025\/12\/pexels-photo-21578295.jpeg ,https:\/\/ttwirth.de\/wp-content\/uploads\/2025\/12\/pexels-photo-21578295.jpeg 780w, https:\/\/ttwirth.de\/wp-content\/uploads\/2025\/12\/pexels-photo-21578295.jpeg 360w\" sizes=\"auto, (max-width: 480px) 150px\" src=\"https:\/\/ttwirth.de\/wp-content\/uploads\/2025\/12\/pexels-photo-21578295.jpeg\" alt=\"Bronze statues of a famous band in Liverpool, a notable tourist attraction.\" class=\"uag-image-7\" width=\"600\" height=\"450\" title=\"Services\" loading=\"lazy\" role=\"img\"><\/figure><\/div>\n\n\n\n<div class=\"wp-block-uagb-info-box uagb-block-65a70ccb uagb-infobox__content-wrap  uagb-infobox-icon-above-title uagb-infobox-image-valign-top\"><div class=\"uagb-ifb-content\"><div class=\"uagb-ifb-title-wrap\"><span class=\"uagb-ifb-title-prefix\">04.<\/span><h2 class=\"uagb-ifb-title\">Nostalgische Erinnerungen<\/h2><\/div><p class=\"uagb-ifb-desc\">Erleben Sie die besten Momente der Beatles-Geschichte und teilen Sie Ihre Erinnerungen mit anderen Fans. Unsere Website bietet eine Sammlung von Geschichten, Fotos und Videos, die besondere Erlebnisse und Auff\u00fchrungen dokumentieren. Wir sammeln Erinnerungen von Fans, die bei den legend\u00e4ren Auftritten dabei waren, und schaffen so eine lebendige Chronik dieser ikonischen Band. Beteiligen Sie sich an unseren Erinnerungsprojekten, um Ihre Geschichten und Fotos zu teilen und die Magie der Beatles gemeinsam zu feiern.<\/p><\/div><\/div>\n<\/div>\n<\/div>\n<\/div><\/div>\n\n\n\n<div class=\"wp-block-uagb-container uagb-block-b684870f alignfull uagb-is-root-container\"><div class=\"uagb-container-inner-blocks-wrap\">\n<div class=\"wp-block-uagb-info-box uagb-block-f83a47d8 uagb-infobox__content-wrap  uagb-infobox-icon-above-title uagb-infobox-image-valign-top\"><div class=\"uagb-ifb-content\"><div class=\"uagb-ifb-title-wrap\"><span class=\"uagb-ifb-title-prefix\">Schlie\u00dfen Sie sich uns an<\/span><h2 class=\"uagb-ifb-title\">Werden Sie Teil unserer Beatles-Gemeinschaft!<\/h2><\/div><p class=\"uagb-ifb-desc\">Treffen Sie Gleichgesinnte, teilen Sie Ihre Liebe zur Musik und erleben Sie die Magie der Beatles nochmals.<\/p><div class=\"uagb-ifb-button-wrapper wp-block-button\"><a href=\"\/contact\/\" class=\"uagb-infobox-cta-link wp-block-button__link\" target=\"_self\" rel=\"noopener noreferrer\" onclick=\"return true;\" alt=\"\"><span class=\"uagb-inline-editing\">Jetzt beitreten<\/span><\/a><\/div><\/div><\/div>\n<\/div><\/div>\n","protected":false},"excerpt":{"rendered":"","protected":false},"author":1,"featured_media":0,"parent":0,"menu_order":0,"comment_status":"closed","ping_status":"closed","template":"","meta":{"_uag_custom_page_level_css":"","site-sidebar-layout":"default","site-content-layout":"","ast-site-content-layout":"default","site-content-style":"default","site-sidebar-style":"default","ast-global-header-display":"","ast-banner-title-visibility":"","ast-main-header-display":"","ast-hfb-above-header-display":"","ast-hfb-below-header-display":"","ast-hfb-mobile-header-display":"","site-post-title":"disabled","ast-breadcrumbs-content":"","ast-featured-img":"","footer-sml-layout":"","ast-disable-related-posts":"","theme-transparent-header-meta":"enabled","adv-header-id-meta":"","stick-header-meta":"","header-above-stick-meta":"","header-main-stick-meta":"","header-below-stick-meta":"","astra-migrate-meta-layouts":"default","ast-page-background-enabled":"default","ast-page-background-meta":{"desktop":{"background-color":"var(--ast-global-color-4)","background-image":"","background-repeat":"repeat","background-position":"center center","background-size":"auto","background-attachment":"scroll","background-type":"","background-media":"","overlay-type":"","overlay-color":"","overlay-opacity":"","overlay-gradient":""},"tablet":{"background-color":"","background-image":"","background-repeat":"repeat","background-position":"center center","background-size":"auto","background-attachment":"scroll","background-type":"","background-media":"","overlay-type":"","overlay-color":"","overlay-opacity":"","overlay-gradient":""},"mobile":{"background-color":"","background-image":"","background-repeat":"repeat","background-position":"center center","background-size":"auto","background-attachment":"scroll","background-type":"","background-media":"","overlay-type":"","overlay-color":"","overlay-opacity":"","overlay-gradient":""}},"ast-content-background-meta":{"desktop":{"background-color":"var(--ast-global-color-5)","background-image":"","background-repeat":"repeat","background-position":"center center","background-size":"auto","background-attachment":"scroll","background-type":"","background-media":"","overlay-type":"","overlay-color":"","overlay-opacity":"","overlay-gradient":""},"tablet":{"background-color":"var(--ast-global-color-5)","background-image":"","background-repeat":"repeat","background-position":"center center","background-size":"auto","background-attachment":"scroll","background-type":"","background-media":"","overlay-type":"","overlay-color":"","overlay-opacity":"","overlay-gradient":""},"mobile":{"background-color":"var(--ast-global-color-5)","background-image":"","background-repeat":"repeat","background-position":"center center","background-size":"auto","background-attachment":"scroll","background-type":"","background-media":"","overlay-type":"","overlay-color":"","overlay-opacity":"","overlay-gradient":""}},"footnotes":""},"class_list":["post-36","page","type-page","status-publish","hentry"],"uagb_featured_image_src":{"full":false,"thumbnail":false,"medium":false,"medium_large":false,"large":false,"1536x1536":false,"2048x2048":false},"uagb_author_info":{"display_name":"cactustom","author_link":"https:\/\/ttwirth.de\/?author=1"},"uagb_comment_info":0,"uagb_excerpt":null,"_links":{"self":[{"href":"https:\/\/ttwirth.de\/index.php?rest_route=\/wp\/v2\/pages\/36","targetHints":{"allow":["GET"]}}],"collection":[{"href":"https:\/\/ttwirth.de\/index.php?rest_route=\/wp\/v2\/pages"}],"about":[{"href":"https:\/\/ttwirth.de\/index.php?rest_route=\/wp\/v2\/types\/page"}],"author":[{"embeddable":true,"href":"https:\/\/ttwirth.de\/index.php?rest_route=\/wp\/v2\/users\/1"}],"replies":[{"embeddable":true,"href":"https:\/\/ttwirth.de\/index.php?rest_route=%2Fwp%2Fv2%2Fcomments&post=36"}],"version-history":[{"count":3,"href":"https:\/\/ttwirth.de\/index.php?rest_route=\/wp\/v2\/pages\/36\/revisions"}],"predecessor-version":[{"id":485,"href":"https:\/\/ttwirth.de\/index.php?rest_route=\/wp\/v2\/pages\/36\/revisions\/485"}],"wp:attachment":[{"href":"https:\/\/ttwirth.de\/index.php?rest_route=%2Fwp%2Fv2%2Fmedia&parent=36"}],"curies":[{"name":"wp","href":"https:\/\/api.w.org\/{rel}","templated":true}]}}