{"id":35,"date":"2025-12-27T08:15:58","date_gmt":"2025-12-27T07:15:58","guid":{"rendered":"https:\/\/ttwirth.de\/about\/"},"modified":"2025-12-27T08:17:12","modified_gmt":"2025-12-27T07:17:12","slug":"about","status":"publish","type":"page","link":"https:\/\/ttwirth.de\/?page_id=35","title":{"rendered":"About"},"content":{"rendered":"\n<div class=\"wp-block-uagb-container uagb-block-9ed5e6d4 alignfull uagb-is-root-container\"><div class=\"uagb-container-inner-blocks-wrap\">\n<div class=\"wp-block-uagb-info-box uagb-block-d5b134cc uagb-infobox__content-wrap  uagb-infobox-icon-above-title uagb-infobox-image-valign-top\"><div class=\"uagb-ifb-content\"><div class=\"uagb-ifb-title-wrap\"><span class=\"uagb-ifb-title-prefix\">Die Liebe zur Musik<\/span><h1 class=\"uagb-ifb-title\">F\u00fcr alle Beatles-Fans der Welt<\/h1><\/div><\/div><\/div>\n<\/div><\/div>\n\n\n\n<div class=\"wp-block-uagb-container uagb-block-43961427 alignfull uagb-is-root-container\"><div class=\"uagb-container-inner-blocks-wrap\">\n<div class=\"wp-block-uagb-container uagb-block-91de6b3c\">\n<div class=\"wp-block-uagb-info-box uagb-block-2359313e uagb-infobox__content-wrap  uagb-infobox-icon-above-title uagb-infobox-image-valign-top\"><div class=\"uagb-ifb-content\"><div class=\"uagb-ifb-title-wrap\"><span class=\"uagb-ifb-title-prefix\">\u00dcber uns<\/span><h2 class=\"uagb-ifb-title\">Die Leidenschaft f\u00fcr die Beatles verbinden<\/h2><\/div><\/div><\/div>\n\n\n\n<div class=\"wp-block-uagb-info-box uagb-block-3e6b189a uagb-infobox__content-wrap  uagb-infobox-icon-above-title uagb-infobox-image-valign-top\"><div class=\"uagb-ifb-content\"><div class=\"uagb-ifb-title-wrap\"><h3 class=\"uagb-ifb-title-prefix\">Wirthshaus ist die zentrale Anlaufstelle f\u00fcr Beatles-Fans weltweit.<\/h3><p class=\"uagb-ifb-title\">Wir bieten eine Plattform f\u00fcr Austausch und Diskussion \u00fcber die Musik und den Einfluss der Beatles. Unabh\u00e4ngig davon, ob Sie ein langj\u00e4hriger Fan sind oder neu auf diesen Weg gekommen sind, finden Sie bei uns regelm\u00e4\u00dfig spannende Updates, nostalgische Erinnerungen und die M\u00f6glichkeit, sich in einer einzigartigen Gemeinschaft zusammenzufinden. Unsere Leidenschaft, die Musik am Leben zu halten, unterscheidet uns von anderen Plattformen.<\/p><\/div><p class=\"uagb-ifb-desc\">Wirthshaus hat eine lebendige Gemeinschaft von Beatles-Fans geschaffen, die sich aktiv \u00fcber die Musik und das Erbe der Band austauschen. Durch regelm\u00e4\u00dfige Updates und ansprechende Diskussionen konnten wir zahlreiche neue Mitglieder gewinnen und die Leidenschaft f\u00fcr die Beatles weiter verbreiten.<\/p><\/div><\/div>\n<\/div>\n\n\n\n<div class=\"wp-block-uagb-image alignleft uagb-block-aa6e2cb7 wp-block-uagb-image--layout-default wp-block-uagb-image--effect-static wp-block-uagb-image--align-left\"><figure class=\"wp-block-uagb-image__figure\"><img decoding=\"async\" srcset=\"https:\/\/ttwirth.de\/wp-content\/uploads\/2025\/12\/pexels-photo-27068595.jpeg ,https:\/\/ttwirth.de\/wp-content\/uploads\/2025\/12\/mission-1024x400-1.jpg 780w, https:\/\/ttwirth.de\/wp-content\/uploads\/2025\/12\/mission-1024x400-1.jpg 360w\" sizes=\"auto, (max-width: 480px) 150px\" src=\"https:\/\/ttwirth.de\/wp-content\/uploads\/2025\/12\/pexels-photo-27068595.jpeg\" alt=\"The iconic &#039;Imagine&#039; mosaic in Central Park, a tribute to John Lennon.\" class=\"uag-image-9\" width=\"1200\" height=\"450\" title=\"About\" loading=\"lazy\" role=\"img\"><\/figure><\/div>\n\n\n\n<div class=\"wp-block-uagb-container uagb-block-3f9cf3b8\">\n<div class=\"wp-block-uagb-info-box uagb-block-4bbc11b0 uagb-infobox__content-wrap  uagb-infobox-icon-above-title uagb-infobox-image-valign-top\"><div class=\"uagb-ifb-content\"><div class=\"uagb-ifb-title-wrap\"><span class=\"uagb-ifb-title-prefix\">Unser Ziel<\/span><h3 class=\"uagb-ifb-title\">Gemeinschaft und Begeisterung schaffen<\/h3><\/div><p class=\"uagb-ifb-desc\">Unsere Mission bei Wirthshaus ist es, eine engagierte und leidenschaftliche Gemeinschaft f\u00fcr Beatles-Fans zu f\u00f6rdern. Wir streben danach, Wissen, Erinnerungen und die Liebe zur Musik der Beatles zu teilen und am Leben zu halten.<\/p><\/div><\/div>\n\n\n\n<div class=\"wp-block-uagb-info-box uagb-block-eba12409 uagb-infobox__content-wrap  uagb-infobox-icon-above-title uagb-infobox-image-valign-top\"><div class=\"uagb-ifb-content\"><div class=\"uagb-ifb-title-wrap\"><span class=\"uagb-ifb-title-prefix\">Unsere Werte<\/span><h3 class=\"uagb-ifb-title\">Leidenschaft, Gemeinschaft und Authentizit\u00e4t<\/h3><\/div><p class=\"uagb-ifb-desc\">Wirthshaus basiert auf den Werten Leidenschaft f\u00fcr Musik, Gemeinschaftsgef\u00fchl und Authentizit\u00e4t. Wir glauben an die Kraft der Musik, Menschen zu verbinden und Nostalgie zu wecken, w\u00e4hrend wir den einzigartigen Einfluss der Beatles w\u00fcrdigen.<\/p><\/div><\/div>\n<\/div>\n<\/div><\/div>\n\n\n\n<div class=\"wp-block-uagb-container uagb-block-6f310176 alignfull uagb-is-root-container\"><div class=\"uagb-container-inner-blocks-wrap\">\n<div class=\"wp-block-uagb-container uagb-block-5962c3bc\">\n<div class=\"wp-block-uagb-info-box uagb-block-31e33fee uagb-infobox__content-wrap  uagb-infobox-icon-above-title uagb-infobox-image-valign-top\"><div class=\"uagb-ifb-content\"><div class=\"uagb-ifb-title-wrap\"><span class=\"uagb-ifb-title-prefix\">H\u00e4ufige Fragen<\/span><h2 class=\"uagb-ifb-title\">Alles, was Sie wissen m\u00fcssen<\/h2><\/div><\/div><\/div>\n\n\n<div class=\"wp-block-uagb-faq uagb-faq__outer-wrap uagb-block-0c5731f4 uagb-faq-icon-row-reverse uagb-faq-layout-accordion uagb-faq-expand-first-true uagb-faq-inactive-other-true uagb-faq__wrap uagb-buttons-layout-wrap uagb-faq-equal-height     \" data-faqtoggle=\"true\" role=\"tablist\"><div class=\"wp-block-uagb-faq-child uagb-faq-child__outer-wrap uagb-faq-item uagb-block-8a302e01 \" role=\"tab\" tabindex=\"0\"><div class=\"uagb-faq-questions-button uagb-faq-questions\">\t\t\t<span class=\"uagb-icon uagb-faq-icon-wrap\">\n\t\t\t\t\t\t\t\t<svg xmlns=\"https:\/\/www.w3.org\/2000\/svg\" viewBox= \"0 0 384 512\"><path d=\"M192 384c-8.188 0-16.38-3.125-22.62-9.375l-160-160c-12.5-12.5-12.5-32.75 0-45.25s32.75-12.5 45.25 0L192 306.8l137.4-137.4c12.5-12.5 32.75-12.5 45.25 0s12.5 32.75 0 45.25l-160 160C208.4 380.9 200.2 384 192 384z\"><\/path><\/svg>\n\t\t\t\t\t\t\t<\/span>\n\t\t\t\t\t\t<span class=\"uagb-icon-active uagb-faq-icon-wrap\">\n\t\t\t\t\t\t\t\t<svg xmlns=\"https:\/\/www.w3.org\/2000\/svg\" viewBox= \"0 0 384 512\"><path d=\"M352 352c-8.188 0-16.38-3.125-22.62-9.375L192 205.3l-137.4 137.4c-12.5 12.5-32.75 12.5-45.25 0s-12.5-32.75 0-45.25l160-160c12.5-12.5 32.75-12.5 45.25 0l160 160c12.5 12.5 12.5 32.75 0 45.25C368.4 348.9 360.2 352 352 352z\"><\/path><\/svg>\n\t\t\t\t\t\t\t<\/span>\n\t\t\t<p class=\"uagb-question\">Warum eine Beatles-Fanpage?<\/p><\/div><div class=\"uagb-faq-content\"><p>Wirthshaus wurde gegr\u00fcndet, um eine Plattform f\u00fcr Fans zu schaffen, die ihre Begeisterung f\u00fcr die Beatles teilen m\u00f6chten. Wir m\u00f6chten den Austausch \u00fcber die Band und ihre Musik f\u00f6rdern und damit das Erbe der Beatles lebendig halten.<\/p><\/div><\/div><div class=\"wp-block-uagb-faq-child uagb-faq-child__outer-wrap uagb-faq-item uagb-block-cef63c6f \" role=\"tab\" tabindex=\"0\"><div class=\"uagb-faq-questions-button uagb-faq-questions\">\t\t\t<span class=\"uagb-icon uagb-faq-icon-wrap\">\n\t\t\t\t\t\t\t\t<svg xmlns=\"https:\/\/www.w3.org\/2000\/svg\" viewBox= \"0 0 384 512\"><path d=\"M192 384c-8.188 0-16.38-3.125-22.62-9.375l-160-160c-12.5-12.5-12.5-32.75 0-45.25s32.75-12.5 45.25 0L192 306.8l137.4-137.4c12.5-12.5 32.75-12.5 45.25 0s12.5 32.75 0 45.25l-160 160C208.4 380.9 200.2 384 192 384z\"><\/path><\/svg>\n\t\t\t\t\t\t\t<\/span>\n\t\t\t\t\t\t<span class=\"uagb-icon-active uagb-faq-icon-wrap\">\n\t\t\t\t\t\t\t\t<svg xmlns=\"https:\/\/www.w3.org\/2000\/svg\" viewBox= \"0 0 384 512\"><path d=\"M352 352c-8.188 0-16.38-3.125-22.62-9.375L192 205.3l-137.4 137.4c-12.5 12.5-32.75 12.5-45.25 0s-12.5-32.75 0-45.25l160-160c12.5-12.5 32.75-12.5 45.25 0l160 160c12.5 12.5 12.5 32.75 0 45.25C368.4 348.9 360.2 352 352 352z\"><\/path><\/svg>\n\t\t\t\t\t\t\t<\/span>\n\t\t\t<p class=\"uagb-question\">Wie oft gibt es Updates?<\/p><\/div><div class=\"uagb-faq-content\"><p>Wir aktualisieren unsere Seite regelm\u00e4\u00dfig mit neuen Inhalten, Veranstaltungen und Diskussionsforen. Unsere Community kann sich auf spannende Neuigkeiten und nostalgische R\u00fcckblicke freuen.<\/p><\/div><\/div><div class=\"wp-block-uagb-faq-child uagb-faq-child__outer-wrap uagb-faq-item uagb-block-f6a73cb6 \" role=\"tab\" tabindex=\"0\"><div class=\"uagb-faq-questions-button uagb-faq-questions\">\t\t\t<span class=\"uagb-icon uagb-faq-icon-wrap\">\n\t\t\t\t\t\t\t\t<svg xmlns=\"https:\/\/www.w3.org\/2000\/svg\" viewBox= \"0 0 384 512\"><path d=\"M192 384c-8.188 0-16.38-3.125-22.62-9.375l-160-160c-12.5-12.5-12.5-32.75 0-45.25s32.75-12.5 45.25 0L192 306.8l137.4-137.4c12.5-12.5 32.75-12.5 45.25 0s12.5 32.75 0 45.25l-160 160C208.4 380.9 200.2 384 192 384z\"><\/path><\/svg>\n\t\t\t\t\t\t\t<\/span>\n\t\t\t\t\t\t<span class=\"uagb-icon-active uagb-faq-icon-wrap\">\n\t\t\t\t\t\t\t\t<svg xmlns=\"https:\/\/www.w3.org\/2000\/svg\" viewBox= \"0 0 384 512\"><path d=\"M352 352c-8.188 0-16.38-3.125-22.62-9.375L192 205.3l-137.4 137.4c-12.5 12.5-32.75 12.5-45.25 0s-12.5-32.75 0-45.25l160-160c12.5-12.5 32.75-12.5 45.25 0l160 160c12.5 12.5 12.5 32.75 0 45.25C368.4 348.9 360.2 352 352 352z\"><\/path><\/svg>\n\t\t\t\t\t\t\t<\/span>\n\t\t\t<p class=\"uagb-question\">Kann jeder mitmachen?<\/p><\/div><div class=\"uagb-faq-content\"><p>Ja, bei Wirthshaus sind alle Beatles-Fans willkommen! Egal, ob Sie ein langj\u00e4hriger Fan oder neu in der Welt der Beatles sind, unsere Gemeinschaft freut sich \u00fcber jedes neue Mitglied und jeden neuen Beitrag.<\/p><\/div><\/div><\/div><\/div>\n\n\n\n<div class=\"wp-block-uagb-container uagb-block-892c8053\">\n<div class=\"wp-block-uagb-image alignleft uagb-block-8c89d0eb wp-block-uagb-image--layout-default wp-block-uagb-image--effect-static wp-block-uagb-image--align-left\"><figure class=\"wp-block-uagb-image__figure\"><img decoding=\"async\" srcset=\"https:\/\/ttwirth.de\/wp-content\/uploads\/2025\/12\/pexels-photo-21578295.jpeg ,https:\/\/ttwirth.de\/wp-content\/uploads\/2025\/12\/pexels-photo-21578295.jpeg 780w, https:\/\/ttwirth.de\/wp-content\/uploads\/2025\/12\/pexels-photo-21578295.jpeg 360w\" sizes=\"auto, (max-width: 480px) 150px\" src=\"https:\/\/ttwirth.de\/wp-content\/uploads\/2025\/12\/pexels-photo-21578295.jpeg\" alt=\"Bronze statues of a famous band in Liverpool, a notable tourist attraction.\" class=\"uag-image-7\" width=\"600\" height=\"500\" title=\"About\" loading=\"lazy\" role=\"img\"><\/figure><\/div>\n<\/div>\n<\/div><\/div>\n\n\n\n<div class=\"wp-block-uagb-container uagb-block-b684870f alignfull uagb-is-root-container\"><div class=\"uagb-container-inner-blocks-wrap\">\n<div class=\"wp-block-uagb-info-box uagb-block-f83a47d8 uagb-infobox__content-wrap  uagb-infobox-icon-above-title uagb-infobox-image-valign-top\"><div class=\"uagb-ifb-content\"><div class=\"uagb-ifb-title-wrap\"><span class=\"uagb-ifb-title-prefix\">Schlie\u00dfen Sie sich uns an<\/span><h2 class=\"uagb-ifb-title\">Werden Sie Teil unserer Beatles-Gemeinschaft!<\/h2><\/div><p class=\"uagb-ifb-desc\">Treffen Sie Gleichgesinnte, teilen Sie Ihre Liebe zur Musik und erleben Sie die Magie der Beatles nochmals.<\/p><div class=\"uagb-ifb-button-wrapper wp-block-button\"><a href=\"\/contact\/\" class=\"uagb-infobox-cta-link wp-block-button__link\" target=\"_self\" rel=\"noopener noreferrer\" onclick=\"return true;\" alt=\"\"><span class=\"uagb-inline-editing\">Jetzt beitreten<\/span><\/a><\/div><\/div><\/div>\n<\/div><\/div>\n","protected":false},"excerpt":{"rendered":"","protected":false},"author":1,"featured_media":0,"parent":0,"menu_order":0,"comment_status":"closed","ping_status":"closed","template":"","meta":{"_uag_custom_page_level_css":"","site-sidebar-layout":"default","site-content-layout":"","ast-site-content-layout":"default","site-content-style":"default","site-sidebar-style":"default","ast-global-header-display":"","ast-banner-title-visibility":"","ast-main-header-display":"","ast-hfb-above-header-display":"","ast-hfb-below-header-display":"","ast-hfb-mobile-header-display":"","site-post-title":"disabled","ast-breadcrumbs-content":"","ast-featured-img":"","footer-sml-layout":"","ast-disable-related-posts":"","theme-transparent-header-meta":"enabled","adv-header-id-meta":"","stick-header-meta":"","header-above-stick-meta":"","header-main-stick-meta":"","header-below-stick-meta":"","astra-migrate-meta-layouts":"default","ast-page-background-enabled":"default","ast-page-background-meta":{"desktop":{"background-color":"var(--ast-global-color-4)","background-image":"","background-repeat":"repeat","background-position":"center center","background-size":"auto","background-attachment":"scroll","background-type":"","background-media":"","overlay-type":"","overlay-color":"","overlay-opacity":"","overlay-gradient":""},"tablet":{"background-color":"","background-image":"","background-repeat":"repeat","background-position":"center center","background-size":"auto","background-attachment":"scroll","background-type":"","background-media":"","overlay-type":"","overlay-color":"","overlay-opacity":"","overlay-gradient":""},"mobile":{"background-color":"","background-image":"","background-repeat":"repeat","background-position":"center center","background-size":"auto","background-attachment":"scroll","background-type":"","background-media":"","overlay-type":"","overlay-color":"","overlay-opacity":"","overlay-gradient":""}},"ast-content-background-meta":{"desktop":{"background-color":"var(--ast-global-color-5)","background-image":"","background-repeat":"repeat","background-position":"center center","background-size":"auto","background-attachment":"scroll","background-type":"","background-media":"","overlay-type":"","overlay-color":"","overlay-opacity":"","overlay-gradient":""},"tablet":{"background-color":"var(--ast-global-color-5)","background-image":"","background-repeat":"repeat","background-position":"center center","background-size":"auto","background-attachment":"scroll","background-type":"","background-media":"","overlay-type":"","overlay-color":"","overlay-opacity":"","overlay-gradient":""},"mobile":{"background-color":"var(--ast-global-color-5)","background-image":"","background-repeat":"repeat","background-position":"center center","background-size":"auto","background-attachment":"scroll","background-type":"","background-media":"","overlay-type":"","overlay-color":"","overlay-opacity":"","overlay-gradient":""}},"footnotes":""},"class_list":["post-35","page","type-page","status-publish","hentry"],"uagb_featured_image_src":{"full":false,"thumbnail":false,"medium":false,"medium_large":false,"large":false,"1536x1536":false,"2048x2048":false},"uagb_author_info":{"display_name":"cactustom","author_link":"https:\/\/ttwirth.de\/?author=1"},"uagb_comment_info":0,"uagb_excerpt":null,"_links":{"self":[{"href":"https:\/\/ttwirth.de\/index.php?rest_route=\/wp\/v2\/pages\/35","targetHints":{"allow":["GET"]}}],"collection":[{"href":"https:\/\/ttwirth.de\/index.php?rest_route=\/wp\/v2\/pages"}],"about":[{"href":"https:\/\/ttwirth.de\/index.php?rest_route=\/wp\/v2\/types\/page"}],"author":[{"embeddable":true,"href":"https:\/\/ttwirth.de\/index.php?rest_route=\/wp\/v2\/users\/1"}],"replies":[{"embeddable":true,"href":"https:\/\/ttwirth.de\/index.php?rest_route=%2Fwp%2Fv2%2Fcomments&post=35"}],"version-history":[{"count":3,"href":"https:\/\/ttwirth.de\/index.php?rest_route=\/wp\/v2\/pages\/35\/revisions"}],"predecessor-version":[{"id":486,"href":"https:\/\/ttwirth.de\/index.php?rest_route=\/wp\/v2\/pages\/35\/revisions\/486"}],"wp:attachment":[{"href":"https:\/\/ttwirth.de\/index.php?rest_route=%2Fwp%2Fv2%2Fmedia&parent=35"}],"curies":[{"name":"wp","href":"https:\/\/api.w.org\/{rel}","templated":true}]}}